{"id":2882,"date":"2023-03-08T08:34:11","date_gmt":"2023-03-08T08:34:11","guid":{"rendered":"https:\/\/demo2wpopal.b-cdn.net\/bikys\/?page_id=2882"},"modified":"2024-08-20T12:22:42","modified_gmt":"2024-08-20T10:22:42","slug":"contact","status":"publish","type":"page","link":"https:\/\/levelosurlapiste.com\/?page_id=2882","title":{"rendered":"Contact"},"content":{"rendered":"\t\t<div data-elementor-type=\"wp-page\" data-elementor-id=\"2882\" class=\"elementor elementor-2882\">\n\t\t\t\t<div class=\"elementor-element elementor-element-0c0447f e-con-full e-flex e-con e-parent\" data-id=\"0c0447f\" data-element_type=\"container\" data-settings=\"{&quot;background_background&quot;:&quot;classic&quot;}\">\n\t\t<div class=\"elementor-element elementor-element-33a3882 e-con-full e-flex e-con e-child\" data-id=\"33a3882\" data-element_type=\"container\">\n\t\t\n\t\t<div class=\"elementor-element elementor-element-8275f7b elementor-widget elementor-widget-image\" data-id=\"8275f7b\" data-element_type=\"widget\" data-widget_type=\"image.default\">\n\t\t\t\t<div class=\"elementor-widget-container\">\n\t\t\t<style>\/*! elementor - v3.21.0 - 26-05-2024 *\/\n.elementor-widget-image{text-align:center}.elementor-widget-image a{display:inline-block}.elementor-widget-image a img[src$=\".svg\"]{width:48px}.elementor-widget-image img{vertical-align:middle;display:inline-block}<\/style>\t\t\t\t\t\t\t\t\t\t<img fetchpriority=\"high\" decoding=\"async\" width=\"1650\" height=\"1000\" src=\"https:\/\/levelosurlapiste.com\/wp-content\/uploads\/2024\/07\/Classic_Website_Render_4.jpg\" class=\"attachment-full size-full wp-image-8269\" alt=\"\" srcset=\"https:\/\/levelosurlapiste.com\/wp-content\/uploads\/2024\/07\/Classic_Website_Render_4.jpg 1650w, https:\/\/levelosurlapiste.com\/wp-content\/uploads\/2024\/07\/Classic_Website_Render_4-300x182.jpg 300w, https:\/\/levelosurlapiste.com\/wp-content\/uploads\/2024\/07\/Classic_Website_Render_4-1024x621.jpg 1024w, https:\/\/levelosurlapiste.com\/wp-content\/uploads\/2024\/07\/Classic_Website_Render_4-768x465.jpg 768w, https:\/\/levelosurlapiste.com\/wp-content\/uploads\/2024\/07\/Classic_Website_Render_4-1536x931.jpg 1536w, https:\/\/levelosurlapiste.com\/wp-content\/uploads\/2024\/07\/Classic_Website_Render_4-450x273.jpg 450w, https:\/\/levelosurlapiste.com\/wp-content\/uploads\/2024\/07\/Classic_Website_Render_4-800x485.jpg 800w\" sizes=\"(max-width: 1650px) 100vw, 1650px\" \/>\t\t\t\t\t\t\t\t\t\t\t\t\t<\/div>\n\t\t\t\t<\/div>\n\t\t\t\t<div class=\"elementor-element elementor-element-97423bf elementor-widget elementor-widget-heading\" data-id=\"97423bf\" data-element_type=\"widget\" data-widget_type=\"heading.default\">\n\t\t\t\t<div class=\"elementor-widget-container\">\n\t\t\t<style>\/*! elementor - v3.21.0 - 26-05-2024 *\/\n.elementor-heading-title{padding:0;margin:0;line-height:1}.elementor-widget-heading .elementor-heading-title[class*=elementor-size-]>a{color:inherit;font-size:inherit;line-height:inherit}.elementor-widget-heading .elementor-heading-title.elementor-size-small{font-size:15px}.elementor-widget-heading .elementor-heading-title.elementor-size-medium{font-size:19px}.elementor-widget-heading .elementor-heading-title.elementor-size-large{font-size:29px}.elementor-widget-heading .elementor-heading-title.elementor-size-xl{font-size:39px}.elementor-widget-heading .elementor-heading-title.elementor-size-xxl{font-size:59px}<\/style><h1 class=\"elementor-heading-title elementor-size-default\">Comment pouvons-nous vous aider ?<\/h1>\t\t<\/div>\n\t\t\t\t<\/div>\n\t\t\t\t<div class=\"elementor-element elementor-element-085276c elementor-widget elementor-widget-text-editor\" data-id=\"085276c\" data-element_type=\"widget\" data-widget_type=\"text-editor.default\">\n\t\t\t\t<div class=\"elementor-widget-container\">\n\t\t\t<style>\/*! elementor - v3.21.0 - 26-05-2024 *\/\n.elementor-widget-text-editor.elementor-drop-cap-view-stacked .elementor-drop-cap{background-color:#69727d;color:#fff}.elementor-widget-text-editor.elementor-drop-cap-view-framed .elementor-drop-cap{color:#69727d;border:3px solid;background-color:transparent}.elementor-widget-text-editor:not(.elementor-drop-cap-view-default) .elementor-drop-cap{margin-top:8px}.elementor-widget-text-editor:not(.elementor-drop-cap-view-default) .elementor-drop-cap-letter{width:1em;height:1em}.elementor-widget-text-editor .elementor-drop-cap{float:left;text-align:center;line-height:1;font-size:50px}.elementor-widget-text-editor .elementor-drop-cap-letter{display:inline-block}<\/style>\t\t\t\t<h5><span style=\"color: #ffffff;\"><b>18 avenue de la porte de brunet<\/b><span style=\"font-weight: 400;\">, 75019 Paris<\/span><\/span><\/h5><h6><span style=\"color: #ffffff;\"><strong><br \/>Contact :<a style=\"color: #ffffff;\" href=\"mailto:levelosurlapiste@gmail.com\">levelosurlapiste@gmail.com<\/a><\/strong><\/span><\/h6><h5><span style=\"color: #ffffff;\"><b><br \/>TEL:+33175574219<\/b><\/span><\/h5><h5><span style=\"color: #ffffff;\"><b>\u00a0<\/b><\/span><\/h5>\t\t\t\t\t\t<\/div>\n\t\t\t\t<\/div>\n\t\t\t\t<\/div>\n\t\t<div class=\"elementor-element elementor-element-981a054 e-con-full e-flex e-con e-child\" data-id=\"981a054\" data-element_type=\"container\">\n\t\t\t\t<div class=\"elementor-element elementor-element-8771eda elementor-widget elementor-widget-heading\" data-id=\"8771eda\" data-element_type=\"widget\" data-widget_type=\"heading.default\">\n\t\t\t\t<div class=\"elementor-widget-container\">\n\t\t\t<h2 class=\"elementor-heading-title elementor-size-default\">Prendre contact <\/h2>\t\t<\/div>\n\t\t\t\t<\/div>\n\t\t\t\t<div class=\"elementor-element elementor-element-3907af4 elementor-widget elementor-widget-text-editor\" data-id=\"3907af4\" data-element_type=\"widget\" data-widget_type=\"text-editor.default\">\n\t\t\t\t<div class=\"elementor-widget-container\">\n\t\t\t\t\t\t\t<p><span style=\"color: #ffffff;\">Bienvenue dans notre centre d&rsquo;aide. Si vous avez des questions, vous \u00eates au bon endroit !<\/span><\/p><p><span style=\"font-weight: 400; color: #ffffff;\">Le V\u00e9lo sur la Piste est ouvert du Mardi au Samedi de 9h \u00e0 19h et le Dimanche de 10h \u00e0 19h au 30 Boulevard d\u2019Alg\u00e9rie, dans le 19\u00e8me arrondissement de Paris.<\/span><\/p>\t\t\t\t\t\t<\/div>\n\t\t\t\t<\/div>\n\t\t\t\t<div class=\"elementor-element elementor-element-94d15cd elementor-widget elementor-widget-bikys-contactform\" data-id=\"94d15cd\" data-element_type=\"widget\" data-widget_type=\"bikys-contactform.default\">\n\t\t\t\t<div class=\"elementor-widget-container\">\n\t\t\t\n<div class=\"wpcf7 no-js\" id=\"wpcf7-f8-o1\" lang=\"fr-FR\" dir=\"ltr\" data-wpcf7-id=\"8\">\n<div class=\"screen-reader-response\"><p role=\"status\" aria-live=\"polite\" aria-atomic=\"true\"><\/p> <ul><\/ul><\/div>\n<form action=\"\/index.php?rest_route=%2Fwp%2Fv2%2Fpages%2F2882#wpcf7-f8-o1\" method=\"post\" class=\"wpcf7-form init\" aria-label=\"Formulaire de contact\" novalidate=\"novalidate\" data-status=\"init\">\n<fieldset class=\"hidden-fields-container\"><input type=\"hidden\" name=\"_wpcf7\" value=\"8\" \/><input type=\"hidden\" name=\"_wpcf7_version\" value=\"6.1.5\" \/><input type=\"hidden\" name=\"_wpcf7_locale\" value=\"fr_FR\" \/><input type=\"hidden\" name=\"_wpcf7_unit_tag\" value=\"wpcf7-f8-o1\" \/><input type=\"hidden\" name=\"_wpcf7_container_post\" value=\"0\" \/><input type=\"hidden\" name=\"_wpcf7_posted_data_hash\" value=\"\" \/>\n<\/fieldset>\n<p><label> Votre nom<br \/>\n<span class=\"wpcf7-form-control-wrap\" data-name=\"your-name\"><input size=\"40\" maxlength=\"400\" class=\"wpcf7-form-control wpcf7-text wpcf7-validates-as-required\" autocomplete=\"name\" aria-required=\"true\" aria-invalid=\"false\" value=\"\" type=\"text\" name=\"your-name\" \/><\/span> <\/label>\n<\/p>\n<p><label> Votre e-mail<br \/>\n<span class=\"wpcf7-form-control-wrap\" data-name=\"your-email\"><input size=\"40\" maxlength=\"400\" class=\"wpcf7-form-control wpcf7-email wpcf7-validates-as-required wpcf7-text wpcf7-validates-as-email\" autocomplete=\"email\" aria-required=\"true\" aria-invalid=\"false\" value=\"\" type=\"email\" name=\"your-email\" \/><\/span> <\/label>\n<\/p>\n<p><label> Objet<br \/>\n<span class=\"wpcf7-form-control-wrap\" data-name=\"your-subject\"><input size=\"40\" maxlength=\"400\" class=\"wpcf7-form-control wpcf7-text wpcf7-validates-as-required\" aria-required=\"true\" aria-invalid=\"false\" value=\"\" type=\"text\" name=\"your-subject\" \/><\/span> <\/label>\n<\/p>\n<p><label> Votre message (facultatif)<br \/>\n<span class=\"wpcf7-form-control-wrap\" data-name=\"your-message\"><textarea cols=\"40\" rows=\"10\" maxlength=\"2000\" class=\"wpcf7-form-control wpcf7-textarea\" aria-invalid=\"false\" name=\"your-message\"><\/textarea><\/span> <\/label>\n<\/p>\n<p><input class=\"wpcf7-form-control wpcf7-submit has-spinner\" type=\"submit\" value=\"Envoyer\" \/>\n<\/p><div class=\"wpcf7-response-output\" aria-hidden=\"true\"><\/div>\n<\/form>\n<\/div>\n\t\t<\/div>\n\t\t\t\t<\/div>\n\t\t\t\t<\/div>\n\t\t\t\t<\/div>\n\t\t\t\t<\/div>\n\t\t","protected":false},"excerpt":{"rendered":"<p>Comment pouvons-nous vous aider ? 18 avenue de la porte de brunet, 75019 Paris Contact :levelosurlapiste@gmail.com TEL:+33175574219 \u00a0 Prendre contact Bienvenue dans notre centre d&rsquo;aide. Si vous avez des questions, vous \u00eates au bon endroit ! Le V\u00e9lo sur la Piste est ouvert du Mardi au Samedi de 9h \u00e0 19h et le Dimanche de [&hellip;]<\/p>\n","protected":false},"author":1,"featured_media":0,"parent":0,"menu_order":0,"comment_status":"closed","ping_status":"closed","template":"template-homepage.php","meta":{"footnotes":""},"class_list":["post-2882","page","type-page","status-publish","hentry"],"yoast_head":"<!-- This site is optimized with the Yoast SEO plugin v23.5 - https:\/\/yoast.com\/wordpress\/plugins\/seo\/ -->\n<title>Contact - Levelosurlapiste<\/title>\n<meta name=\"robots\" content=\"index, follow, max-snippet:-1, max-image-preview:large, max-video-preview:-1\" \/>\n<link rel=\"canonical\" href=\"https:\/\/levelosurlapiste.com\/?page_id=2882\" \/>\n<meta property=\"og:locale\" content=\"fr_FR\" \/>\n<meta property=\"og:type\" content=\"article\" \/>\n<meta property=\"og:title\" content=\"Contact - Levelosurlapiste\" \/>\n<meta property=\"og:description\" content=\"Comment pouvons-nous vous aider ? 18 avenue de la porte de brunet, 75019 Paris Contact :levelosurlapiste@gmail.com TEL:+33175574219 \u00a0 Prendre contact Bienvenue dans notre centre d&rsquo;aide. Si vous avez des questions, vous \u00eates au bon endroit ! Le V\u00e9lo sur la Piste est ouvert du Mardi au Samedi de 9h \u00e0 19h et le Dimanche de [&hellip;]\" \/>\n<meta property=\"og:url\" content=\"https:\/\/levelosurlapiste.com\/?page_id=2882\" \/>\n<meta property=\"og:site_name\" content=\"Levelosurlapiste\" \/>\n<meta property=\"article:modified_time\" content=\"2024-08-20T10:22:42+00:00\" \/>\n<meta property=\"og:image\" content=\"http:\/\/levelosurlapiste.com\/wp-content\/uploads\/2024\/07\/Classic_Website_Render_4.jpg\" \/>\n<meta name=\"twitter:card\" content=\"summary_large_image\" \/>\n<script type=\"application\/ld+json\" class=\"yoast-schema-graph\">{\"@context\":\"https:\/\/schema.org\",\"@graph\":[{\"@type\":\"WebPage\",\"@id\":\"https:\/\/levelosurlapiste.com\/?page_id=2882\",\"url\":\"https:\/\/levelosurlapiste.com\/?page_id=2882\",\"name\":\"Contact - Levelosurlapiste\",\"isPartOf\":{\"@id\":\"https:\/\/levelosurlapiste.com\/#website\"},\"primaryImageOfPage\":{\"@id\":\"https:\/\/levelosurlapiste.com\/?page_id=2882#primaryimage\"},\"image\":{\"@id\":\"https:\/\/levelosurlapiste.com\/?page_id=2882#primaryimage\"},\"thumbnailUrl\":\"http:\/\/levelosurlapiste.com\/wp-content\/uploads\/2024\/07\/Classic_Website_Render_4.jpg\",\"datePublished\":\"2023-03-08T08:34:11+00:00\",\"dateModified\":\"2024-08-20T10:22:42+00:00\",\"breadcrumb\":{\"@id\":\"https:\/\/levelosurlapiste.com\/?page_id=2882#breadcrumb\"},\"inLanguage\":\"fr-FR\",\"potentialAction\":[{\"@type\":\"ReadAction\",\"target\":[\"https:\/\/levelosurlapiste.com\/?page_id=2882\"]}]},{\"@type\":\"ImageObject\",\"inLanguage\":\"fr-FR\",\"@id\":\"https:\/\/levelosurlapiste.com\/?page_id=2882#primaryimage\",\"url\":\"https:\/\/levelosurlapiste.com\/wp-content\/uploads\/2024\/07\/Classic_Website_Render_4.jpg\",\"contentUrl\":\"https:\/\/levelosurlapiste.com\/wp-content\/uploads\/2024\/07\/Classic_Website_Render_4.jpg\",\"width\":1650,\"height\":1000},{\"@type\":\"BreadcrumbList\",\"@id\":\"https:\/\/levelosurlapiste.com\/?page_id=2882#breadcrumb\",\"itemListElement\":[{\"@type\":\"ListItem\",\"position\":1,\"name\":\"Accueil\",\"item\":\"http:\/\/levelosurlapiste.com\/\"},{\"@type\":\"ListItem\",\"position\":2,\"name\":\"Contact\"}]},{\"@type\":\"WebSite\",\"@id\":\"https:\/\/levelosurlapiste.com\/#website\",\"url\":\"https:\/\/levelosurlapiste.com\/\",\"name\":\"Levelosurlapiste\",\"description\":\"\",\"potentialAction\":[{\"@type\":\"SearchAction\",\"target\":{\"@type\":\"EntryPoint\",\"urlTemplate\":\"https:\/\/levelosurlapiste.com\/?s={search_term_string}\"},\"query-input\":{\"@type\":\"PropertyValueSpecification\",\"valueRequired\":true,\"valueName\":\"search_term_string\"}}],\"inLanguage\":\"fr-FR\"}]}<\/script>\n<!-- \/ Yoast SEO plugin. -->","yoast_head_json":{"title":"Contact - Levelosurlapiste","robots":{"index":"index","follow":"follow","max-snippet":"max-snippet:-1","max-image-preview":"max-image-preview:large","max-video-preview":"max-video-preview:-1"},"canonical":"https:\/\/levelosurlapiste.com\/?page_id=2882","og_locale":"fr_FR","og_type":"article","og_title":"Contact - Levelosurlapiste","og_description":"Comment pouvons-nous vous aider ? 18 avenue de la porte de brunet, 75019 Paris Contact :levelosurlapiste@gmail.com TEL:+33175574219 \u00a0 Prendre contact Bienvenue dans notre centre d&rsquo;aide. Si vous avez des questions, vous \u00eates au bon endroit ! Le V\u00e9lo sur la Piste est ouvert du Mardi au Samedi de 9h \u00e0 19h et le Dimanche de [&hellip;]","og_url":"https:\/\/levelosurlapiste.com\/?page_id=2882","og_site_name":"Levelosurlapiste","article_modified_time":"2024-08-20T10:22:42+00:00","og_image":[{"url":"http:\/\/levelosurlapiste.com\/wp-content\/uploads\/2024\/07\/Classic_Website_Render_4.jpg"}],"twitter_card":"summary_large_image","schema":{"@context":"https:\/\/schema.org","@graph":[{"@type":"WebPage","@id":"https:\/\/levelosurlapiste.com\/?page_id=2882","url":"https:\/\/levelosurlapiste.com\/?page_id=2882","name":"Contact - Levelosurlapiste","isPartOf":{"@id":"https:\/\/levelosurlapiste.com\/#website"},"primaryImageOfPage":{"@id":"https:\/\/levelosurlapiste.com\/?page_id=2882#primaryimage"},"image":{"@id":"https:\/\/levelosurlapiste.com\/?page_id=2882#primaryimage"},"thumbnailUrl":"http:\/\/levelosurlapiste.com\/wp-content\/uploads\/2024\/07\/Classic_Website_Render_4.jpg","datePublished":"2023-03-08T08:34:11+00:00","dateModified":"2024-08-20T10:22:42+00:00","breadcrumb":{"@id":"https:\/\/levelosurlapiste.com\/?page_id=2882#breadcrumb"},"inLanguage":"fr-FR","potentialAction":[{"@type":"ReadAction","target":["https:\/\/levelosurlapiste.com\/?page_id=2882"]}]},{"@type":"ImageObject","inLanguage":"fr-FR","@id":"https:\/\/levelosurlapiste.com\/?page_id=2882#primaryimage","url":"https:\/\/levelosurlapiste.com\/wp-content\/uploads\/2024\/07\/Classic_Website_Render_4.jpg","contentUrl":"https:\/\/levelosurlapiste.com\/wp-content\/uploads\/2024\/07\/Classic_Website_Render_4.jpg","width":1650,"height":1000},{"@type":"BreadcrumbList","@id":"https:\/\/levelosurlapiste.com\/?page_id=2882#breadcrumb","itemListElement":[{"@type":"ListItem","position":1,"name":"Accueil","item":"http:\/\/levelosurlapiste.com\/"},{"@type":"ListItem","position":2,"name":"Contact"}]},{"@type":"WebSite","@id":"https:\/\/levelosurlapiste.com\/#website","url":"https:\/\/levelosurlapiste.com\/","name":"Levelosurlapiste","description":"","potentialAction":[{"@type":"SearchAction","target":{"@type":"EntryPoint","urlTemplate":"https:\/\/levelosurlapiste.com\/?s={search_term_string}"},"query-input":{"@type":"PropertyValueSpecification","valueRequired":true,"valueName":"search_term_string"}}],"inLanguage":"fr-FR"}]}},"_links":{"self":[{"href":"https:\/\/levelosurlapiste.com\/index.php?rest_route=\/wp\/v2\/pages\/2882","targetHints":{"allow":["GET"]}}],"collection":[{"href":"https:\/\/levelosurlapiste.com\/index.php?rest_route=\/wp\/v2\/pages"}],"about":[{"href":"https:\/\/levelosurlapiste.com\/index.php?rest_route=\/wp\/v2\/types\/page"}],"author":[{"embeddable":true,"href":"https:\/\/levelosurlapiste.com\/index.php?rest_route=\/wp\/v2\/users\/1"}],"replies":[{"embeddable":true,"href":"https:\/\/levelosurlapiste.com\/index.php?rest_route=%2Fwp%2Fv2%2Fcomments&post=2882"}],"version-history":[{"count":24,"href":"https:\/\/levelosurlapiste.com\/index.php?rest_route=\/wp\/v2\/pages\/2882\/revisions"}],"predecessor-version":[{"id":8860,"href":"https:\/\/levelosurlapiste.com\/index.php?rest_route=\/wp\/v2\/pages\/2882\/revisions\/8860"}],"wp:attachment":[{"href":"https:\/\/levelosurlapiste.com\/index.php?rest_route=%2Fwp%2Fv2%2Fmedia&parent=2882"}],"curies":[{"name":"wp","href":"https:\/\/api.w.org\/{rel}","templated":true}]}}