{"id":6529,"date":"2023-03-17T04:23:46","date_gmt":"2023-03-17T04:23:46","guid":{"rendered":"https:\/\/demo2wpopal.b-cdn.net\/bikys\/?page_id=6529"},"modified":"2024-09-20T23:04:41","modified_gmt":"2024-09-20T21:04:41","slug":"sale","status":"publish","type":"page","link":"https:\/\/levelosurlapiste.com\/?page_id=6529","title":{"rendered":"V\u00e9los musculaires"},"content":{"rendered":"\t\t<div data-elementor-type=\"wp-page\" data-elementor-id=\"6529\" class=\"elementor elementor-6529\">\n\t\t\t\t\t\t<div class=\"elementor-section elementor-top-section elementor-element elementor-element-e0e3975 elementor-section-stretched elementor-section-boxed elementor-section-height-default elementor-section-height-default\" data-id=\"e0e3975\" data-element_type=\"section\" data-settings=\"{&quot;stretch_section&quot;:&quot;section-stretched&quot;,&quot;background_background&quot;:&quot;classic&quot;}\">\n\t\t\t\t\t\t<div class=\"elementor-container elementor-column-gap-no\">\n\t\t\t\t\t<div class=\"elementor-column elementor-col-100 elementor-top-column elementor-element elementor-element-3db1b28\" data-id=\"3db1b28\" data-element_type=\"column\">\n\t\t\t<div class=\"elementor-widget-wrap elementor-element-populated\">\n\t\t\t\t\t\t<div class=\"elementor-section elementor-inner-section elementor-element elementor-element-b7fd3fa elementor-section-full_width elementor-section-height-default elementor-section-height-default\" data-id=\"b7fd3fa\" data-element_type=\"section\">\n\t\t\t\t\t\t<div class=\"elementor-container elementor-column-gap-no\">\n\t\t\t\t\t<div class=\"elementor-column elementor-col-100 elementor-inner-column elementor-element elementor-element-0bf65f9\" data-id=\"0bf65f9\" data-element_type=\"column\">\n\t\t\t<div class=\"elementor-widget-wrap\">\n\t\t\t\t\t\t\t<\/div>\n\t\t<\/div>\n\t\t\t\t\t<\/div>\n\t\t<\/div>\n\t\t\t\t<div class=\"elementor-section elementor-inner-section elementor-element elementor-element-38625e2 elementor-section-full_width elementor-section-height-default elementor-section-height-default\" data-id=\"38625e2\" data-element_type=\"section\">\n\t\t\t\t\t\t<div class=\"elementor-container elementor-column-gap-no\">\n\t\t\t\t\t<div class=\"elementor-column elementor-col-100 elementor-inner-column elementor-element elementor-element-042d10d\" data-id=\"042d10d\" data-element_type=\"column\">\n\t\t\t<div class=\"elementor-widget-wrap elementor-element-populated\">\n\t\t\t\t\n\t\t<div class=\"elementor-element elementor-element-df9437c elementor-cta--valign-middle box-align-center content-stretch-yes positon-subtitle-yes elementor-bg-transform elementor-bg-transform-zoom-in elementor-widget elementor-widget-bikys-banner\" data-id=\"df9437c\" data-element_type=\"widget\" data-widget_type=\"bikys-banner.default\">\n\t\t\t\t<div class=\"elementor-widget-container\">\n\t\t\t        <div  class=\"elementor-cta--skin-cover elementor-cta elementor-bikys-banner\">\n                <div class=\"elementor-cta__bg-wrapper\">\n            <div class=\"elementor-cta__bg elementor-bg\" style=\"background-image: url(https:\/\/levelosurlapiste.com\/wp-content\/uploads\/2024\/06\/Blue-Beige-Photograph-Tropical-Summer-Flip-flops-Instagram-Post-7.png);\"><\/div>\n            <div class=\"elementor-cta__bg-overlay\"><\/div>\n        <\/div>\n            <div class=\"elementor-cta__content\">\n        <div class=\"elementor-cta__content_inner\">\n                <h3 class=\"elementor-cta__title elementor-cta__content-item elementor-content-item\">\n                    <span class=\"elementor-headline-before-text elementor-headline-text-wrapper\">v\u00e9los <\/span>\n        \n                    <span class=\"elementor-headline-dynamic-wrapper elementor-headline-text-wrapper\">\n                            <span class=\"elementor-headline-dynamic-text elementor-headline-text-active\">musculaire<\/span>\n                        <\/span>\n        \n                    <span class=\"elementor-headline-after-text elementor-headline-text-wrapper\">con\u00e7u pour vous <\/span>\n                <\/h3>\n                <div class=\"elementor-cta__subtitle elementor-cta__content-item elementor-content-item\">\n            <span>Qualit\u00e9 et Endurance<\/span>\n        <\/div>\n            \n                <\/div>\n        <\/div>\n        <\/div>\n        \t\t<\/div>\n\t\t\t\t<\/div>\n\t\t\t\t\t<\/div>\n\t\t<\/div>\n\t\t\t\t\t<\/div>\n\t\t<\/div>\n\t\t\t\t\t<\/div>\n\t\t<\/div>\n\t\t\t\t\t<\/div>\n\t\t<\/div>\n\t\t<div class=\"elementor-element elementor-element-cfefa59 e-flex e-con-boxed e-con e-parent\" data-id=\"cfefa59\" data-element_type=\"container\" data-settings=\"{&quot;background_background&quot;:&quot;classic&quot;}\">\n\t\t\t\t\t<div class=\"e-con-inner\">\n\t\t<div class=\"elementor-element elementor-element-d2e1dca e-con-full e-flex e-con e-child\" data-id=\"d2e1dca\" data-element_type=\"container\">\n\t\t\t\t<div class=\"elementor-element elementor-element-f334755 elementor-widget elementor-widget-image\" data-id=\"f334755\" data-element_type=\"widget\" data-widget_type=\"image.default\">\n\t\t\t\t<div class=\"elementor-widget-container\">\n\t\t\t<style>\/*! elementor - v3.21.0 - 26-05-2024 *\/\n.elementor-widget-image{text-align:center}.elementor-widget-image a{display:inline-block}.elementor-widget-image a img[src$=\".svg\"]{width:48px}.elementor-widget-image img{vertical-align:middle;display:inline-block}<\/style>\t\t\t\t\t\t\t\t\t\t<img fetchpriority=\"high\" decoding=\"async\" width=\"1444\" height=\"964\" src=\"https:\/\/levelosurlapiste.com\/wp-content\/uploads\/2024\/09\/scrapper-spego-160.png\" class=\"attachment-full size-full wp-image-9001\" alt=\"\" srcset=\"https:\/\/levelosurlapiste.com\/wp-content\/uploads\/2024\/09\/scrapper-spego-160.png 1444w, https:\/\/levelosurlapiste.com\/wp-content\/uploads\/2024\/09\/scrapper-spego-160-300x200.png 300w, https:\/\/levelosurlapiste.com\/wp-content\/uploads\/2024\/09\/scrapper-spego-160-1024x684.png 1024w, https:\/\/levelosurlapiste.com\/wp-content\/uploads\/2024\/09\/scrapper-spego-160-768x513.png 768w, https:\/\/levelosurlapiste.com\/wp-content\/uploads\/2024\/09\/scrapper-spego-160-450x300.png 450w, https:\/\/levelosurlapiste.com\/wp-content\/uploads\/2024\/09\/scrapper-spego-160-800x534.png 800w\" sizes=\"(max-width: 1444px) 100vw, 1444px\" \/>\t\t\t\t\t\t\t\t\t\t\t\t\t<\/div>\n\t\t\t\t<\/div>\n\t\t\t\t<\/div>\n\t\t<div class=\"elementor-element elementor-element-4d4774a e-con-full e-flex e-con e-child\" data-id=\"4d4774a\" data-element_type=\"container\">\n\t\t\t\t<div class=\"elementor-element elementor-element-dc9d833 elementor-widget elementor-widget-heading\" data-id=\"dc9d833\" data-element_type=\"widget\" data-widget_type=\"heading.default\">\n\t\t\t\t<div class=\"elementor-widget-container\">\n\t\t\t<style>\/*! elementor - v3.21.0 - 26-05-2024 *\/\n.elementor-heading-title{padding:0;margin:0;line-height:1}.elementor-widget-heading .elementor-heading-title[class*=elementor-size-]>a{color:inherit;font-size:inherit;line-height:inherit}.elementor-widget-heading .elementor-heading-title.elementor-size-small{font-size:15px}.elementor-widget-heading .elementor-heading-title.elementor-size-medium{font-size:19px}.elementor-widget-heading .elementor-heading-title.elementor-size-large{font-size:29px}.elementor-widget-heading .elementor-heading-title.elementor-size-xl{font-size:39px}.elementor-widget-heading .elementor-heading-title.elementor-size-xxl{font-size:59px}<\/style><h3 class=\"elementor-heading-title elementor-size-default\">Con\u00e7u pour d\u00e9passer vos limites<\/h3>\t\t<\/div>\n\t\t\t\t<\/div>\n\t\t\t\t<div class=\"elementor-element elementor-element-9e4d299 elementor-widget elementor-widget-text-editor\" data-id=\"9e4d299\" data-element_type=\"widget\" data-widget_type=\"text-editor.default\">\n\t\t\t\t<div class=\"elementor-widget-container\">\n\t\t\t<style>\/*! elementor - v3.21.0 - 26-05-2024 *\/\n.elementor-widget-text-editor.elementor-drop-cap-view-stacked .elementor-drop-cap{background-color:#69727d;color:#fff}.elementor-widget-text-editor.elementor-drop-cap-view-framed .elementor-drop-cap{color:#69727d;border:3px solid;background-color:transparent}.elementor-widget-text-editor:not(.elementor-drop-cap-view-default) .elementor-drop-cap{margin-top:8px}.elementor-widget-text-editor:not(.elementor-drop-cap-view-default) .elementor-drop-cap-letter{width:1em;height:1em}.elementor-widget-text-editor .elementor-drop-cap{float:left;text-align:center;line-height:1;font-size:50px}.elementor-widget-text-editor .elementor-drop-cap-letter{display:inline-block}<\/style>\t\t\t\t<div class=\"flex-shrink-0 flex flex-col relative items-end\"><div><div class=\"pt-0\"><div class=\"gizmo-bot-avatar flex h-8 w-8 items-center justify-center overflow-hidden rounded-full\"><div class=\"relative p-1 rounded-sm flex items-center justify-center bg-token-main-surface-primary text-token-text-primary h-8 w-8\">\u00a0<\/div><\/div><\/div><\/div><\/div><div class=\"group\/conversation-turn relative flex w-full min-w-0 flex-col agent-turn\"><div class=\"flex-col gap-1 md:gap-3\"><div class=\"flex max-w-full flex-col flex-grow\"><div class=\"min-h-[20px] text-message flex w-full flex-col items-end gap-2 whitespace-normal break-words [.text-message+&amp;]:mt-5\" dir=\"auto\" data-message-author-role=\"assistant\" data-message-id=\"51f0fec8-349f-497f-ad10-6f625d7efe02\"><div class=\"flex w-full flex-col gap-1 empty:hidden first:pt-[3px]\"><div class=\"markdown prose w-full break-words dark:prose-invert light\"><p><span style=\"color: #ffffff;\">Ce v\u00e9lo de sport est dot\u00e9 d&rsquo;un cadre et d&rsquo;une fourche en carbone, offrant \u00e0 la fois l\u00e9g\u00e8ret\u00e9 et r\u00e9sistance, avec un design \u00e9l\u00e9gant en gris sombre mat. Pesant 8,7 kg, il est \u00e9quip\u00e9 de roues DT Swiss et d&rsquo;un d\u00e9railleur arri\u00e8re Shimano 105 RD-R7000, garantissant des performances optimales. <br \/><br \/>Sa cassette 11\/32 dents et son p\u00e9dalier Shimano 105 en font un choix id\u00e9al pour une utilisation r\u00e9guli\u00e8re. Les freins hydrauliques Shimano assurent un freinage pr\u00e9cis et s\u00e9curis\u00e9. Ce mod\u00e8le est disponible en deux tailles (52 et 55) et b\u00e9n\u00e9ficie d&rsquo;une garantie de 2 ans, comprenant pi\u00e8ces et main-d&rsquo;\u0153uvre.<\/span><\/p><\/div><\/div><\/div><\/div><\/div><\/div>\t\t\t\t\t\t<\/div>\n\t\t\t\t<\/div>\n\t\t\t\t<\/div>\n\t\t\t\t\t<\/div>\n\t\t\t\t<\/div>\n\t\t<div class=\"elementor-element elementor-element-95540a7 e-flex e-con-boxed e-con e-parent\" data-id=\"95540a7\" data-element_type=\"container\" data-settings=\"{&quot;background_background&quot;:&quot;classic&quot;}\">\n\t\t\t\t\t<div class=\"e-con-inner\">\n\t\t<div class=\"elementor-element elementor-element-b432cc6 e-con-full e-flex e-con e-child\" data-id=\"b432cc6\" data-element_type=\"container\">\n\t\t\t\t<div class=\"elementor-element elementor-element-d23ff9c elementor-widget elementor-widget-heading\" data-id=\"d23ff9c\" data-element_type=\"widget\" data-widget_type=\"heading.default\">\n\t\t\t\t<div class=\"elementor-widget-container\">\n\t\t\t<h3 class=\"elementor-heading-title elementor-size-default\">MYLAND COLLE TREKK 28.2<\/h3>\t\t<\/div>\n\t\t\t\t<\/div>\n\t\t\t\t<div class=\"elementor-element elementor-element-2a27545 elementor-widget elementor-widget-text-editor\" data-id=\"2a27545\" data-element_type=\"widget\" data-widget_type=\"text-editor.default\">\n\t\t\t\t<div class=\"elementor-widget-container\">\n\t\t\t\t\t\t\t<p><span style=\"color: #ffffff;\">Le MYLAND COLLE TREKK 28.2 est un v\u00e9lo musculaire id\u00e9al pour les trajets quotidiens et les balades en ville. Avec son cadre en aluminium l\u00e9ger et ses 21 vitesses Shimano, il offre une conduite fluide et confortable. Les lumi\u00e8res avant et arri\u00e8re, aliment\u00e9es par une dynamo moyeux, garantissent une visibilit\u00e9 optimale \u00e0 toute heure. Les suspensions ajoutent un confort suppl\u00e9mentaire pour une exp\u00e9rience de conduite agr\u00e9able sur tous types de terrains.<\/span><\/p><h5><span style=\"color: #ffffff;\"><strong>Prix :<\/strong><\/span><\/h5><ul><li><h5><span style=\"color: #ffffff;\"><strong>PROMO :<\/strong> 699\u20ac -&gt; 499\u20ac<\/span><\/h5><\/li><\/ul>\t\t\t\t\t\t<\/div>\n\t\t\t\t<\/div>\n\t\t\t\t<\/div>\n\t\t<div class=\"elementor-element elementor-element-d6f7730 e-con-full e-flex e-con e-child\" data-id=\"d6f7730\" data-element_type=\"container\">\n\t\t\t\t<div class=\"elementor-element elementor-element-e4ef938 elementor-widget elementor-widget-image\" data-id=\"e4ef938\" data-element_type=\"widget\" data-widget_type=\"image.default\">\n\t\t\t\t<div class=\"elementor-widget-container\">\n\t\t\t\t\t\t\t\t\t\t\t\t\t<img decoding=\"async\" width=\"940\" height=\"1000\" src=\"https:\/\/levelosurlapiste.com\/wp-content\/uploads\/2024\/07\/B02800086-940x1000.jpg\" class=\"attachment-bikys-post-grid size-bikys-post-grid wp-image-8347\" alt=\"\" \/>\t\t\t\t\t\t\t\t\t\t\t\t\t<\/div>\n\t\t\t\t<\/div>\n\t\t\t\t<\/div>\n\t\t\t\t\t<\/div>\n\t\t\t\t<\/div>\n\t\t<div class=\"elementor-element elementor-element-1f7b040 e-flex e-con-boxed e-con e-parent\" data-id=\"1f7b040\" data-element_type=\"container\" data-settings=\"{&quot;background_background&quot;:&quot;classic&quot;}\">\n\t\t\t\t\t<div class=\"e-con-inner\">\n\t\t<div class=\"elementor-element elementor-element-ef82d0c e-con-full e-flex e-con e-child\" data-id=\"ef82d0c\" data-element_type=\"container\">\n\t\t\t\t<div class=\"elementor-element elementor-element-da90946 elementor-widget elementor-widget-image\" data-id=\"da90946\" data-element_type=\"widget\" data-widget_type=\"image.default\">\n\t\t\t\t<div class=\"elementor-widget-container\">\n\t\t\t\t\t\t\t\t\t\t\t\t\t<img decoding=\"async\" width=\"940\" height=\"639\" src=\"https:\/\/levelosurlapiste.com\/wp-content\/uploads\/revslider\/home-1\/revslider_1_img-2.png\" class=\"attachment-bikys-post-grid size-bikys-post-grid wp-image-7841\" alt=\"Road bikes\" srcset=\"https:\/\/levelosurlapiste.com\/wp-content\/uploads\/revslider\/home-1\/revslider_1_img-2.png 1025w, https:\/\/levelosurlapiste.com\/wp-content\/uploads\/revslider\/home-1\/revslider_1_img-2-450x306.png 450w, https:\/\/levelosurlapiste.com\/wp-content\/uploads\/revslider\/home-1\/revslider_1_img-2-800x544.png 800w\" sizes=\"(max-width: 940px) 100vw, 940px\" \/>\t\t\t\t\t\t\t\t\t\t\t\t\t<\/div>\n\t\t\t\t<\/div>\n\t\t\t\t<\/div>\n\t\t<div class=\"elementor-element elementor-element-d13e868 e-con-full e-flex e-con e-child\" data-id=\"d13e868\" data-element_type=\"container\">\n\t\t\t\t<div class=\"elementor-element elementor-element-ab3d24b elementor-widget elementor-widget-heading\" data-id=\"ab3d24b\" data-element_type=\"widget\" data-widget_type=\"heading.default\">\n\t\t\t\t<div class=\"elementor-widget-container\">\n\t\t\t<h3 class=\"elementor-heading-title elementor-size-default\">V\u00c9LO ROUTE SPEOGO 150<\/h3>\t\t<\/div>\n\t\t\t\t<\/div>\n\t\t\t\t<div class=\"elementor-element elementor-element-3cf2e0f elementor-widget elementor-widget-text-editor\" data-id=\"3cf2e0f\" data-element_type=\"widget\" data-widget_type=\"text-editor.default\">\n\t\t\t\t<div class=\"elementor-widget-container\">\n\t\t\t\t\t\t\t<p><span style=\"color: #ffffff;\">Le v\u00e9lo de route SPEOGO 150 est un mod\u00e8le haut de gamme avec un cadre en carbone ultra-l\u00e9ger de seulement 9 kg. \u00c9quip\u00e9 d&rsquo;une transmission Shimano 105 \u00e0 11 vitesses et d&rsquo;un cintre ALV, il est con\u00e7u pour les cyclistes qui recherchent performance et vitesse. Ce v\u00e9lo est parfait pour les comp\u00e9titions et les longues sorties sur route.<\/span><\/p><h5><span style=\"color: #ffffff;\"><strong>Prix :<\/strong><\/span><\/h5><ul><li><h5><span style=\"color: #ffffff;\"><strong>PROMO :<\/strong> 1990\u20ac -&gt; 1290\u20ac<\/span><\/h5><\/li><\/ul>\t\t\t\t\t\t<\/div>\n\t\t\t\t<\/div>\n\t\t\t\t<\/div>\n\t\t\t\t\t<\/div>\n\t\t\t\t<\/div>\n\t\t<div class=\"elementor-element elementor-element-998f7a6 e-flex e-con-boxed e-con e-parent\" data-id=\"998f7a6\" data-element_type=\"container\" data-settings=\"{&quot;background_background&quot;:&quot;classic&quot;}\">\n\t\t\t\t\t<div class=\"e-con-inner\">\n\t\t<div class=\"elementor-element elementor-element-ffb2471 e-con-full e-flex e-con e-child\" data-id=\"ffb2471\" data-element_type=\"container\">\n\t\t\t\t<div class=\"elementor-element elementor-element-d05db41 elementor-widget elementor-widget-heading\" data-id=\"d05db41\" data-element_type=\"widget\" data-widget_type=\"heading.default\">\n\t\t\t\t<div class=\"elementor-widget-container\">\n\t\t\t<h3 class=\"elementor-heading-title elementor-size-default\">DRAISIENNE ENFANT My Bicycle<\/h3>\t\t<\/div>\n\t\t\t\t<\/div>\n\t\t\t\t<div class=\"elementor-element elementor-element-9af642a elementor-widget elementor-widget-text-editor\" data-id=\"9af642a\" data-element_type=\"widget\" data-widget_type=\"text-editor.default\">\n\t\t\t\t<div class=\"elementor-widget-container\">\n\t\t\t\t\t\t\t<p><span style=\"color: #ffffff;\">La draisienne My Bicycle est parfaite pour les tout-petits \u00e0 partir de 18 mois. Elle permet aux enfants de d\u00e9velopper leur \u00e9quilibre et leur coordination avant de passer \u00e0 un v\u00e9lo \u00e0 p\u00e9dales. L\u00e9g\u00e8re et facile \u00e0 manier, cette draisienne est con\u00e7ue pour assurer la s\u00e9curit\u00e9 et le plaisir des jeunes cyclistes.<\/span><\/p><h5><span style=\"color: #ffffff;\"><strong>Prix :<\/strong><\/span><\/h5><ul><li><h5><span style=\"color: #ffffff;\"><strong>99\u20ac<\/strong><\/span><\/h5><\/li><\/ul>\t\t\t\t\t\t<\/div>\n\t\t\t\t<\/div>\n\t\t\t\t<\/div>\n\t\t<div class=\"elementor-element elementor-element-1bde4e4 e-con-full e-flex e-con e-child\" data-id=\"1bde4e4\" data-element_type=\"container\">\n\t\t\t\t<div class=\"elementor-element elementor-element-c6b46b4 elementor-widget elementor-widget-image\" data-id=\"c6b46b4\" data-element_type=\"widget\" data-widget_type=\"image.default\">\n\t\t\t\t<div class=\"elementor-widget-container\">\n\t\t\t\t\t\t\t\t\t\t\t\t\t<img loading=\"lazy\" decoding=\"async\" width=\"521\" height=\"479\" src=\"https:\/\/levelosurlapiste.com\/wp-content\/uploads\/2024\/07\/Capture_d_ecran_2024-07-11_a_00.45.44-removebg-preview.png\" class=\"attachment-bikys-post-grid size-bikys-post-grid wp-image-8353\" alt=\"\" srcset=\"https:\/\/levelosurlapiste.com\/wp-content\/uploads\/2024\/07\/Capture_d_ecran_2024-07-11_a_00.45.44-removebg-preview.png 521w, https:\/\/levelosurlapiste.com\/wp-content\/uploads\/2024\/07\/Capture_d_ecran_2024-07-11_a_00.45.44-removebg-preview-300x276.png 300w, https:\/\/levelosurlapiste.com\/wp-content\/uploads\/2024\/07\/Capture_d_ecran_2024-07-11_a_00.45.44-removebg-preview-450x414.png 450w\" sizes=\"(max-width: 521px) 100vw, 521px\" \/>\t\t\t\t\t\t\t\t\t\t\t\t\t<\/div>\n\t\t\t\t<\/div>\n\t\t\t\t<\/div>\n\t\t\t\t\t<\/div>\n\t\t\t\t<\/div>\n\t\t\t\t<\/div>\n\t\t","protected":false},"excerpt":{"rendered":"<p>v\u00e9los musculaire con\u00e7u pour vous Qualit\u00e9 et Endurance Con\u00e7u pour d\u00e9passer vos limites \u00a0 Ce v\u00e9lo de sport est dot\u00e9 d&rsquo;un cadre et d&rsquo;une fourche en carbone, offrant \u00e0 la fois l\u00e9g\u00e8ret\u00e9 et r\u00e9sistance, avec un design \u00e9l\u00e9gant en gris sombre mat. Pesant 8,7 kg, il est \u00e9quip\u00e9 de roues DT Swiss et d&rsquo;un d\u00e9railleur [&hellip;]<\/p>\n","protected":false},"author":1,"featured_media":0,"parent":0,"menu_order":0,"comment_status":"closed","ping_status":"closed","template":"template-homepage.php","meta":{"footnotes":""},"class_list":["post-6529","page","type-page","status-publish","hentry"],"yoast_head":"<!-- This site is optimized with the Yoast SEO plugin v23.5 - https:\/\/yoast.com\/wordpress\/plugins\/seo\/ -->\n<title>V\u00e9los musculaires - Levelosurlapiste<\/title>\n<meta name=\"robots\" content=\"index, follow, max-snippet:-1, max-image-preview:large, max-video-preview:-1\" \/>\n<link rel=\"canonical\" href=\"https:\/\/levelosurlapiste.com\/?page_id=6529\" \/>\n<meta property=\"og:locale\" content=\"fr_FR\" \/>\n<meta property=\"og:type\" content=\"article\" \/>\n<meta property=\"og:title\" content=\"V\u00e9los musculaires - Levelosurlapiste\" \/>\n<meta property=\"og:description\" content=\"v\u00e9los musculaire con\u00e7u pour vous Qualit\u00e9 et Endurance Con\u00e7u pour d\u00e9passer vos limites \u00a0 Ce v\u00e9lo de sport est dot\u00e9 d&rsquo;un cadre et d&rsquo;une fourche en carbone, offrant \u00e0 la fois l\u00e9g\u00e8ret\u00e9 et r\u00e9sistance, avec un design \u00e9l\u00e9gant en gris sombre mat. Pesant 8,7 kg, il est \u00e9quip\u00e9 de roues DT Swiss et d&rsquo;un d\u00e9railleur [&hellip;]\" \/>\n<meta property=\"og:url\" content=\"https:\/\/levelosurlapiste.com\/?page_id=6529\" \/>\n<meta property=\"og:site_name\" content=\"Levelosurlapiste\" \/>\n<meta property=\"article:modified_time\" content=\"2024-09-20T21:04:41+00:00\" \/>\n<meta property=\"og:image\" content=\"http:\/\/levelosurlapiste.com\/wp-content\/uploads\/2024\/09\/scrapper-spego-160.png\" \/>\n<meta name=\"twitter:card\" content=\"summary_large_image\" \/>\n<meta name=\"twitter:label1\" content=\"Dur\u00e9e de lecture estim\u00e9e\" \/>\n\t<meta name=\"twitter:data1\" content=\"2 minutes\" \/>\n<script type=\"application\/ld+json\" class=\"yoast-schema-graph\">{\"@context\":\"https:\/\/schema.org\",\"@graph\":[{\"@type\":\"WebPage\",\"@id\":\"https:\/\/levelosurlapiste.com\/?page_id=6529\",\"url\":\"https:\/\/levelosurlapiste.com\/?page_id=6529\",\"name\":\"V\u00e9los musculaires - Levelosurlapiste\",\"isPartOf\":{\"@id\":\"https:\/\/levelosurlapiste.com\/#website\"},\"primaryImageOfPage\":{\"@id\":\"https:\/\/levelosurlapiste.com\/?page_id=6529#primaryimage\"},\"image\":{\"@id\":\"https:\/\/levelosurlapiste.com\/?page_id=6529#primaryimage\"},\"thumbnailUrl\":\"http:\/\/levelosurlapiste.com\/wp-content\/uploads\/2024\/09\/scrapper-spego-160.png\",\"datePublished\":\"2023-03-17T04:23:46+00:00\",\"dateModified\":\"2024-09-20T21:04:41+00:00\",\"breadcrumb\":{\"@id\":\"https:\/\/levelosurlapiste.com\/?page_id=6529#breadcrumb\"},\"inLanguage\":\"fr-FR\",\"potentialAction\":[{\"@type\":\"ReadAction\",\"target\":[\"https:\/\/levelosurlapiste.com\/?page_id=6529\"]}]},{\"@type\":\"ImageObject\",\"inLanguage\":\"fr-FR\",\"@id\":\"https:\/\/levelosurlapiste.com\/?page_id=6529#primaryimage\",\"url\":\"https:\/\/levelosurlapiste.com\/wp-content\/uploads\/2024\/09\/scrapper-spego-160.png\",\"contentUrl\":\"https:\/\/levelosurlapiste.com\/wp-content\/uploads\/2024\/09\/scrapper-spego-160.png\",\"width\":1444,\"height\":964},{\"@type\":\"BreadcrumbList\",\"@id\":\"https:\/\/levelosurlapiste.com\/?page_id=6529#breadcrumb\",\"itemListElement\":[{\"@type\":\"ListItem\",\"position\":1,\"name\":\"Accueil\",\"item\":\"http:\/\/levelosurlapiste.com\/\"},{\"@type\":\"ListItem\",\"position\":2,\"name\":\"V\u00e9los musculaires\"}]},{\"@type\":\"WebSite\",\"@id\":\"https:\/\/levelosurlapiste.com\/#website\",\"url\":\"https:\/\/levelosurlapiste.com\/\",\"name\":\"Levelosurlapiste\",\"description\":\"\",\"potentialAction\":[{\"@type\":\"SearchAction\",\"target\":{\"@type\":\"EntryPoint\",\"urlTemplate\":\"https:\/\/levelosurlapiste.com\/?s={search_term_string}\"},\"query-input\":{\"@type\":\"PropertyValueSpecification\",\"valueRequired\":true,\"valueName\":\"search_term_string\"}}],\"inLanguage\":\"fr-FR\"}]}<\/script>\n<!-- \/ Yoast SEO plugin. -->","yoast_head_json":{"title":"V\u00e9los musculaires - Levelosurlapiste","robots":{"index":"index","follow":"follow","max-snippet":"max-snippet:-1","max-image-preview":"max-image-preview:large","max-video-preview":"max-video-preview:-1"},"canonical":"https:\/\/levelosurlapiste.com\/?page_id=6529","og_locale":"fr_FR","og_type":"article","og_title":"V\u00e9los musculaires - Levelosurlapiste","og_description":"v\u00e9los musculaire con\u00e7u pour vous Qualit\u00e9 et Endurance Con\u00e7u pour d\u00e9passer vos limites \u00a0 Ce v\u00e9lo de sport est dot\u00e9 d&rsquo;un cadre et d&rsquo;une fourche en carbone, offrant \u00e0 la fois l\u00e9g\u00e8ret\u00e9 et r\u00e9sistance, avec un design \u00e9l\u00e9gant en gris sombre mat. Pesant 8,7 kg, il est \u00e9quip\u00e9 de roues DT Swiss et d&rsquo;un d\u00e9railleur [&hellip;]","og_url":"https:\/\/levelosurlapiste.com\/?page_id=6529","og_site_name":"Levelosurlapiste","article_modified_time":"2024-09-20T21:04:41+00:00","og_image":[{"url":"http:\/\/levelosurlapiste.com\/wp-content\/uploads\/2024\/09\/scrapper-spego-160.png"}],"twitter_card":"summary_large_image","twitter_misc":{"Dur\u00e9e de lecture estim\u00e9e":"2 minutes"},"schema":{"@context":"https:\/\/schema.org","@graph":[{"@type":"WebPage","@id":"https:\/\/levelosurlapiste.com\/?page_id=6529","url":"https:\/\/levelosurlapiste.com\/?page_id=6529","name":"V\u00e9los musculaires - Levelosurlapiste","isPartOf":{"@id":"https:\/\/levelosurlapiste.com\/#website"},"primaryImageOfPage":{"@id":"https:\/\/levelosurlapiste.com\/?page_id=6529#primaryimage"},"image":{"@id":"https:\/\/levelosurlapiste.com\/?page_id=6529#primaryimage"},"thumbnailUrl":"http:\/\/levelosurlapiste.com\/wp-content\/uploads\/2024\/09\/scrapper-spego-160.png","datePublished":"2023-03-17T04:23:46+00:00","dateModified":"2024-09-20T21:04:41+00:00","breadcrumb":{"@id":"https:\/\/levelosurlapiste.com\/?page_id=6529#breadcrumb"},"inLanguage":"fr-FR","potentialAction":[{"@type":"ReadAction","target":["https:\/\/levelosurlapiste.com\/?page_id=6529"]}]},{"@type":"ImageObject","inLanguage":"fr-FR","@id":"https:\/\/levelosurlapiste.com\/?page_id=6529#primaryimage","url":"https:\/\/levelosurlapiste.com\/wp-content\/uploads\/2024\/09\/scrapper-spego-160.png","contentUrl":"https:\/\/levelosurlapiste.com\/wp-content\/uploads\/2024\/09\/scrapper-spego-160.png","width":1444,"height":964},{"@type":"BreadcrumbList","@id":"https:\/\/levelosurlapiste.com\/?page_id=6529#breadcrumb","itemListElement":[{"@type":"ListItem","position":1,"name":"Accueil","item":"http:\/\/levelosurlapiste.com\/"},{"@type":"ListItem","position":2,"name":"V\u00e9los musculaires"}]},{"@type":"WebSite","@id":"https:\/\/levelosurlapiste.com\/#website","url":"https:\/\/levelosurlapiste.com\/","name":"Levelosurlapiste","description":"","potentialAction":[{"@type":"SearchAction","target":{"@type":"EntryPoint","urlTemplate":"https:\/\/levelosurlapiste.com\/?s={search_term_string}"},"query-input":{"@type":"PropertyValueSpecification","valueRequired":true,"valueName":"search_term_string"}}],"inLanguage":"fr-FR"}]}},"_links":{"self":[{"href":"https:\/\/levelosurlapiste.com\/index.php?rest_route=\/wp\/v2\/pages\/6529","targetHints":{"allow":["GET"]}}],"collection":[{"href":"https:\/\/levelosurlapiste.com\/index.php?rest_route=\/wp\/v2\/pages"}],"about":[{"href":"https:\/\/levelosurlapiste.com\/index.php?rest_route=\/wp\/v2\/types\/page"}],"author":[{"embeddable":true,"href":"https:\/\/levelosurlapiste.com\/index.php?rest_route=\/wp\/v2\/users\/1"}],"replies":[{"embeddable":true,"href":"https:\/\/levelosurlapiste.com\/index.php?rest_route=%2Fwp%2Fv2%2Fcomments&post=6529"}],"version-history":[{"count":53,"href":"https:\/\/levelosurlapiste.com\/index.php?rest_route=\/wp\/v2\/pages\/6529\/revisions"}],"predecessor-version":[{"id":9007,"href":"https:\/\/levelosurlapiste.com\/index.php?rest_route=\/wp\/v2\/pages\/6529\/revisions\/9007"}],"wp:attachment":[{"href":"https:\/\/levelosurlapiste.com\/index.php?rest_route=%2Fwp%2Fv2%2Fmedia&parent=6529"}],"curies":[{"name":"wp","href":"https:\/\/api.w.org\/{rel}","templated":true}]}}